{"id":9551,"date":"2020-01-31T01:14:15","date_gmt":"2020-01-31T01:14:15","guid":{"rendered":"http:\/\/fototadla.home.pl\/nowa\/?page_id=9551"},"modified":"2022-01-05T11:37:33","modified_gmt":"2022-01-05T11:37:33","slug":"oferta","status":"publish","type":"page","link":"https:\/\/fototadla.pl\/index.php\/oferta\/","title":{"rendered":"Nasze produkty"},"content":{"rendered":"<p>[vc_row full_width=&#8221;stretch_row_content_no_spaces&#8221;][vc_column parallax=&#8221;content-moving&#8221; parallax_image=&#8221;6207&#8243;][wiso_banner style_banner=&#8221;simple&#8221; style=&#8221;center_content&#8221; title=&#8221;Nasze produkty&#8221; image=&#8221;9811&#8243;][\/vc_column][\/vc_row][vc_row desctop_lg_pt=&#8221;padding-lg-120t&#8221; desctop_lg_pb=&#8221;padding-lg-90b&#8221; desctop_pt=&#8221;padding-md-90t&#8221; desctop_pb=&#8221;padding-md-65b&#8221; tablets_pt=&#8221;padding-sm-65t&#8221; tablets_pb=&#8221;padding-sm-40b&#8221; mobile_pt=&#8221;padding-xs-35t&#8221; mobile_pb=&#8221;padding-xs-35b&#8221;][vc_column width=&#8221;1\/2&#8243;][vc_single_image image=&#8221;9807&#8243; img_size=&#8221;full&#8221; css=&#8221;.vc_custom_1581437625127{margin-bottom: 0px !important;}&#8221;][vc_single_image image=&#8221;9559&#8243; img_size=&#8221;full&#8221; css=&#8221;.vc_custom_1580589264499{margin-bottom: 0px !important;}&#8221;][\/vc_column][vc_column width=&#8221;1\/2&#8243;][vc_single_image image=&#8221;9808&#8243; img_size=&#8221;full&#8221; css=&#8221;.vc_custom_1581437648585{margin-bottom: 0px !important;}&#8221;][vc_single_image image=&#8221;9561&#8243; img_size=&#8221;full&#8221; css=&#8221;.vc_custom_1580589293988{margin-bottom: 0px !important;}&#8221;][\/vc_column][\/vc_row][vc_row equal_height=&#8221;yes&#8221;][vc_column width=&#8221;1\/2&#8243;][vc_single_image image=&#8221;9757&#8243; img_size=&#8221;full&#8221; css=&#8221;.vc_custom_1581100748343{margin-bottom: 0px !important;}&#8221;][vc_separator color=&#8221;white&#8221;][\/vc_column][vc_column width=&#8221;1\/2&#8243; css=&#8221;.vc_custom_1580433203035{padding-top: 0px !important;padding-bottom: 0px !important;background-position: center !important;background-repeat: no-repeat !important;background-size: cover !important;}&#8221; offset=&#8221;vc_hidden-xs&#8221;][vc_single_image image=&#8221;9756&#8243; img_size=&#8221;full&#8221; css=&#8221;.vc_custom_1581100773735{margin-bottom: 0px !important;}&#8221;][vc_separator color=&#8221;white&#8221;][\/vc_column][\/vc_row][vc_row equal_height=&#8221;yes&#8221;][vc_column width=&#8221;1\/2&#8243;][vc_single_image image=&#8221;9548&#8243; img_size=&#8221;full&#8221; css=&#8221;.vc_custom_1580589567066{margin-bottom: 0px !important;}&#8221;][vc_separator color=&#8221;white&#8221;][\/vc_column][vc_column width=&#8221;1\/2&#8243; css=&#8221;.vc_custom_1580433203035{padding-top: 0px !important;padding-bottom: 0px !important;background-position: center !important;background-repeat: no-repeat !important;background-size: cover !important;}&#8221; offset=&#8221;vc_hidden-xs&#8221;][vc_single_image image=&#8221;9759&#8243; img_size=&#8221;full&#8221; css=&#8221;.vc_custom_1581100995146{margin-bottom: 0px !important;}&#8221;][vc_separator color=&#8221;white&#8221;][\/vc_column][\/vc_row][vc_row equal_height=&#8221;yes&#8221;][vc_column width=&#8221;1\/2&#8243;][vc_single_image image=&#8221;9761&#8243; img_size=&#8221;full&#8221; css=&#8221;.vc_custom_1581107974947{margin-bottom: 0px !important;}&#8221;][vc_separator color=&#8221;white&#8221;][\/vc_column][vc_column width=&#8221;1\/2&#8243; css=&#8221;.vc_custom_1580433203035{padding-top: 0px !important;padding-bottom: 0px !important;background-position: center !important;background-repeat: no-repeat !important;background-size: cover !important;}&#8221; offset=&#8221;vc_hidden-xs&#8221;][vc_single_image image=&#8221;9762&#8243; img_size=&#8221;full&#8221; css=&#8221;.vc_custom_1581108011306{margin-bottom: 0px !important;}&#8221;][vc_separator color=&#8221;white&#8221;][\/vc_column][\/vc_row][vc_row equal_height=&#8221;yes&#8221;][vc_column width=&#8221;1\/2&#8243;][vc_single_image image=&#8221;9764&#8243; img_size=&#8221;full&#8221; css=&#8221;.vc_custom_1581108092723{margin-bottom: 0px !important;}&#8221;][vc_separator color=&#8221;white&#8221;][\/vc_column][vc_column width=&#8221;1\/2&#8243; css=&#8221;.vc_custom_1580433203035{padding-top: 0px !important;padding-bottom: 0px !important;background-position: center !important;background-repeat: no-repeat !important;background-size: cover !important;}&#8221; offset=&#8221;vc_hidden-xs&#8221;][vc_single_image image=&#8221;9765&#8243; img_size=&#8221;full&#8221; css=&#8221;.vc_custom_1581108124112{margin-bottom: 0px !important;}&#8221;][vc_separator color=&#8221;white&#8221;][\/vc_column][\/vc_row]<\/p>\n","protected":false},"excerpt":{"rendered":"<p>[vc_row full_width=&#8221;stretch_row_content_no_spaces&#8221;][vc_column parallax=&#8221;content-moving&#8221; parallax_image=&#8221;6207&#8243;][wiso_banner style_banner=&#8221;simple&#8221; style=&#8221;center_content&#8221; title=&#8221;Nasze produkty&#8221; image=&#8221;9811&#8243;][\/vc_column][\/vc_row][vc_row desctop_lg_pt=&#8221;padding-lg-120t&#8221; desctop_lg_pb=&#8221;padding-lg-90b&#8221; desctop_pt=&#8221;padding-md-90t&#8221; desctop_pb=&#8221;padding-md-65b&#8221; tablets_pt=&#8221;padding-sm-65t&#8221; tablets_pb=&#8221;padding-sm-40b&#8221; mobile_pt=&#8221;padding-xs-35t&#8221; mobile_pb=&#8221;padding-xs-35b&#8221;][vc_column width=&#8221;1\/2&#8243;][vc_single_image image=&#8221;9807&#8243; img_size=&#8221;full&#8221; css=&#8221;.vc_custom_1581437625127{margin-bottom: 0px !important;}&#8221;][vc_single_image image=&#8221;9559&#8243; img_size=&#8221;full&#8221; css=&#8221;.vc_custom_1580589264499{margin-bottom: 0px !important;}&#8221;][\/vc_column][vc_column width=&#8221;1\/2&#8243;][vc_single_image image=&#8221;9808&#8243; img_size=&#8221;full&#8221; css=&#8221;.vc_custom_1581437648585{margin-bottom: 0px !important;}&#8221;][vc_single_image image=&#8221;9561&#8243; img_size=&#8221;full&#8221; css=&#8221;.vc_custom_1580589293988{margin-bottom: 0px !important;}&#8221;][\/vc_column][\/vc_row][vc_row equal_height=&#8221;yes&#8221;][vc_column width=&#8221;1\/2&#8243;][vc_single_image image=&#8221;9757&#8243; img_size=&#8221;full&#8221; css=&#8221;.vc_custom_1581100748343{margin-bottom: 0px !important;}&#8221;][vc_separator color=&#8221;white&#8221;][\/vc_column][vc_column width=&#8221;1\/2&#8243; css=&#8221;.vc_custom_1580433203035{padding-top: 0px !important;padding-bottom: 0px !important;background-position: center !important;background-repeat: &#8230;<\/p>\n","protected":false},"author":1,"featured_media":0,"parent":0,"menu_order":0,"comment_status":"closed","ping_status":"closed","template":"","meta":[],"yoast_head":"<!-- This site is optimized with the Yoast SEO plugin v17.7.1 - https:\/\/yoast.com\/wordpress\/plugins\/seo\/ -->\n<title>Fototadla - fotograf, Mi\u0144sk Mazowiecki, fotografia \u015blubna, zdj\u0119cia<\/title>\n<meta name=\"description\" content=\"Zapoznaj si\u0119 z nasza ofert\u0105 - fotografia \u015blubna, komunia, chrzest, zdj\u0119cia w plenerze, sesje studyjne, sesje rodzinne\" \/>\n<meta name=\"robots\" content=\"index, follow, max-snippet:-1, max-image-preview:large, max-video-preview:-1\" \/>\n<link rel=\"canonical\" href=\"https:\/\/fototadla.pl\/index.php\/oferta\/\" \/>\n<meta property=\"og:locale\" content=\"pl_PL\" \/>\n<meta property=\"og:type\" content=\"article\" \/>\n<meta property=\"og:title\" content=\"Fototadla - fotograf, Mi\u0144sk Mazowiecki, fotografia \u015blubna, zdj\u0119cia\" \/>\n<meta property=\"og:description\" content=\"Zapoznaj si\u0119 z nasza ofert\u0105 - fotografia \u015blubna, komunia, chrzest, zdj\u0119cia w plenerze, sesje studyjne, sesje rodzinne\" \/>\n<meta property=\"og:url\" content=\"https:\/\/fototadla.pl\/index.php\/oferta\/\" \/>\n<meta property=\"og:site_name\" content=\"FotoTadla\" \/>\n<meta property=\"article:modified_time\" content=\"2022-01-05T11:37:33+00:00\" \/>\n<meta name=\"twitter:card\" content=\"summary_large_image\" \/>\n<meta name=\"twitter:label1\" content=\"Szacowany czas czytania\" \/>\n\t<meta name=\"twitter:data1\" content=\"2 minuty\" \/>\n<script type=\"application\/ld+json\" class=\"yoast-schema-graph\">{\"@context\":\"https:\/\/schema.org\",\"@graph\":[{\"@type\":\"WebSite\",\"@id\":\"https:\/\/fototadla.pl\/#website\",\"url\":\"https:\/\/fototadla.pl\/\",\"name\":\"FotoTadla\",\"description\":\"Fotograf Mi\\u0144sk Mazowiecki\",\"potentialAction\":[{\"@type\":\"SearchAction\",\"target\":{\"@type\":\"EntryPoint\",\"urlTemplate\":\"https:\/\/fototadla.pl\/?s={search_term_string}\"},\"query-input\":\"required name=search_term_string\"}],\"inLanguage\":\"pl-PL\"},{\"@type\":\"WebPage\",\"@id\":\"https:\/\/fototadla.pl\/index.php\/oferta\/#webpage\",\"url\":\"https:\/\/fototadla.pl\/index.php\/oferta\/\",\"name\":\"Fototadla - fotograf, Mi\\u0144sk Mazowiecki, fotografia \\u015blubna, zdj\\u0119cia\",\"isPartOf\":{\"@id\":\"https:\/\/fototadla.pl\/#website\"},\"datePublished\":\"2020-01-31T01:14:15+00:00\",\"dateModified\":\"2022-01-05T11:37:33+00:00\",\"description\":\"Zapoznaj si\\u0119 z nasza ofert\\u0105 - fotografia \\u015blubna, komunia, chrzest, zdj\\u0119cia w plenerze, sesje studyjne, sesje rodzinne\",\"breadcrumb\":{\"@id\":\"https:\/\/fototadla.pl\/index.php\/oferta\/#breadcrumb\"},\"inLanguage\":\"pl-PL\",\"potentialAction\":[{\"@type\":\"ReadAction\",\"target\":[\"https:\/\/fototadla.pl\/index.php\/oferta\/\"]}]},{\"@type\":\"BreadcrumbList\",\"@id\":\"https:\/\/fototadla.pl\/index.php\/oferta\/#breadcrumb\",\"itemListElement\":[{\"@type\":\"ListItem\",\"position\":1,\"name\":\"Strona g\\u0142\\u00f3wna\",\"item\":\"https:\/\/fototadla.pl\/\"},{\"@type\":\"ListItem\",\"position\":2,\"name\":\"Nasze produkty\"}]}]}<\/script>\n<!-- \/ Yoast SEO plugin. -->","yoast_head_json":{"title":"Fototadla - fotograf, Mi\u0144sk Mazowiecki, fotografia \u015blubna, zdj\u0119cia","description":"Zapoznaj si\u0119 z nasza ofert\u0105 - fotografia \u015blubna, komunia, chrzest, zdj\u0119cia w plenerze, sesje studyjne, sesje rodzinne","robots":{"index":"index","follow":"follow","max-snippet":"max-snippet:-1","max-image-preview":"max-image-preview:large","max-video-preview":"max-video-preview:-1"},"canonical":"https:\/\/fototadla.pl\/index.php\/oferta\/","og_locale":"pl_PL","og_type":"article","og_title":"Fototadla - fotograf, Mi\u0144sk Mazowiecki, fotografia \u015blubna, zdj\u0119cia","og_description":"Zapoznaj si\u0119 z nasza ofert\u0105 - fotografia \u015blubna, komunia, chrzest, zdj\u0119cia w plenerze, sesje studyjne, sesje rodzinne","og_url":"https:\/\/fototadla.pl\/index.php\/oferta\/","og_site_name":"FotoTadla","article_modified_time":"2022-01-05T11:37:33+00:00","twitter_card":"summary_large_image","twitter_misc":{"Szacowany czas czytania":"2 minuty"},"schema":{"@context":"https:\/\/schema.org","@graph":[{"@type":"WebSite","@id":"https:\/\/fototadla.pl\/#website","url":"https:\/\/fototadla.pl\/","name":"FotoTadla","description":"Fotograf Mi\u0144sk Mazowiecki","potentialAction":[{"@type":"SearchAction","target":{"@type":"EntryPoint","urlTemplate":"https:\/\/fototadla.pl\/?s={search_term_string}"},"query-input":"required name=search_term_string"}],"inLanguage":"pl-PL"},{"@type":"WebPage","@id":"https:\/\/fototadla.pl\/index.php\/oferta\/#webpage","url":"https:\/\/fototadla.pl\/index.php\/oferta\/","name":"Fototadla - fotograf, Mi\u0144sk Mazowiecki, fotografia \u015blubna, zdj\u0119cia","isPartOf":{"@id":"https:\/\/fototadla.pl\/#website"},"datePublished":"2020-01-31T01:14:15+00:00","dateModified":"2022-01-05T11:37:33+00:00","description":"Zapoznaj si\u0119 z nasza ofert\u0105 - fotografia \u015blubna, komunia, chrzest, zdj\u0119cia w plenerze, sesje studyjne, sesje rodzinne","breadcrumb":{"@id":"https:\/\/fototadla.pl\/index.php\/oferta\/#breadcrumb"},"inLanguage":"pl-PL","potentialAction":[{"@type":"ReadAction","target":["https:\/\/fototadla.pl\/index.php\/oferta\/"]}]},{"@type":"BreadcrumbList","@id":"https:\/\/fototadla.pl\/index.php\/oferta\/#breadcrumb","itemListElement":[{"@type":"ListItem","position":1,"name":"Strona g\u0142\u00f3wna","item":"https:\/\/fototadla.pl\/"},{"@type":"ListItem","position":2,"name":"Nasze produkty"}]}]}},"featured_image_src":null,"featured_image_src_square":null,"_links":{"self":[{"href":"https:\/\/fototadla.pl\/index.php\/wp-json\/wp\/v2\/pages\/9551"}],"collection":[{"href":"https:\/\/fototadla.pl\/index.php\/wp-json\/wp\/v2\/pages"}],"about":[{"href":"https:\/\/fototadla.pl\/index.php\/wp-json\/wp\/v2\/types\/page"}],"author":[{"embeddable":true,"href":"https:\/\/fototadla.pl\/index.php\/wp-json\/wp\/v2\/users\/1"}],"replies":[{"embeddable":true,"href":"https:\/\/fototadla.pl\/index.php\/wp-json\/wp\/v2\/comments?post=9551"}],"version-history":[{"count":30,"href":"https:\/\/fototadla.pl\/index.php\/wp-json\/wp\/v2\/pages\/9551\/revisions"}],"predecessor-version":[{"id":9812,"href":"https:\/\/fototadla.pl\/index.php\/wp-json\/wp\/v2\/pages\/9551\/revisions\/9812"}],"wp:attachment":[{"href":"https:\/\/fototadla.pl\/index.php\/wp-json\/wp\/v2\/media?parent=9551"}],"curies":[{"name":"wp","href":"https:\/\/api.w.org\/{rel}","templated":true}]}}